{"id":1321,"date":"2024-07-08T09:36:03","date_gmt":"2024-07-08T07:36:03","guid":{"rendered":"https:\/\/futur.starkeundsohn.de\/home\/"},"modified":"2024-09-18T08:20:47","modified_gmt":"2024-09-18T06:20:47","slug":"home","status":"publish","type":"page","link":"https:\/\/www.starkeundsohn.de\/en\/","title":{"rendered":"home"},"content":{"rendered":"<p>[et_pb_section fb_built=&#8221;1&#8243; disabled_on=&#8221;off|off|off&#8221; _builder_version=&#8221;4.27.0&#8243; _module_preset=&#8221;default&#8221; background_image=&#8221;https:\/\/www.starkeundsohn.de\/wp-content\/uploads\/2024\/07\/StaSo-Header.webp&#8221; custom_margin=&#8221;0px|0px|0px|0px|false|false&#8221; custom_padding=&#8221;54px|||||&#8221; animation_style=&#8221;fade&#8221; animation_delay=&#8221;20ms&#8221; background_last_edited=&#8221;off|desktop&#8221; background_enable_image_phone=&#8221;off&#8221; parallax_phone=&#8221;on&#8221; global_colors_info=&#8221;{}&#8221; custom_css_main_element_last_edited=&#8221;off|desktop&#8221; custom_css_main_element_tablet=&#8221;height: 400px&#8221; custom_css_main_element_phone=&#8221;height: 400px;||width: auto;||position: relative;&#8221;][et_pb_row _builder_version=&#8221;4.26.0&#8243; _module_preset=&#8221;default&#8221; global_colors_info=&#8221;{}&#8221;][et_pb_column type=&#8221;4_4&#8243; _builder_version=&#8221;4.26.0&#8243; _module_preset=&#8221;default&#8221; global_colors_info=&#8221;{}&#8221;][et_pb_divider show_divider=&#8221;off&#8221; disabled_on=&#8221;on|off|off&#8221; _builder_version=&#8221;4.26.0&#8243; _module_preset=&#8221;default&#8221; module_alignment=&#8221;center&#8221; height=&#8221;410px&#8221; height_tablet=&#8221;200px&#8221; height_phone=&#8221;40px&#8221; height_last_edited=&#8221;on|desktop&#8221; global_colors_info=&#8221;{}&#8221;][\/et_pb_divider][\/et_pb_column][\/et_pb_row][\/et_pb_section][et_pb_section fb_built=&#8221;1&#8243; disabled_on=&#8221;off|off|off&#8221; _builder_version=&#8221;4.26.0&#8243; _module_preset=&#8221;default&#8221; background_color=&#8221;RGBA(255,255,255,0)&#8221; background_image=&#8221;https:\/\/www.starkeundsohn.de\/wp-content\/uploads\/2024\/06\/header-bg.jpg&#8221; custom_padding=&#8221;20px||20px||true|false&#8221; global_colors_info=&#8221;{}&#8221;][\/et_pb_section][et_pb_section fb_built=&#8221;1&#8243; _builder_version=&#8221;4.27.0&#8243; _module_preset=&#8221;default&#8221; background_color=&#8221;RGBA(255,255,255,0)&#8221; use_background_color_gradient=&#8221;on&#8221; background_color_gradient_stops=&#8221;rgba(255,255,255,0.7) 0%|rgba(255,255,255,0.7) 100%&#8221; background_color_gradient_overlays_image=&#8221;on&#8221; background_image=&#8221;https:\/\/www.starkeundsohn.de\/wp-content\/uploads\/2024\/06\/header-bg.jpg&#8221; background_size=&#8221;initial&#8221; background_repeat=&#8221;repeat&#8221; custom_padding=&#8221;30px||30px||true|false&#8221; global_colors_info=&#8221;{}&#8221;][et_pb_row _builder_version=&#8221;4.25.1&#8243; _module_preset=&#8221;default&#8221; width=&#8221;90%&#8221; custom_padding=&#8221;5px||5px||false|false&#8221; global_colors_info=&#8221;{}&#8221; header_font_size_tablet=&#8221;28px&#8221; header_font_size_phone=&#8221;26px&#8221; header_font_size_last_edited=&#8221;on|desktop&#8221;][et_pb_column type=&#8221;4_4&#8243; _builder_version=&#8221;4.25.1&#8243; _module_preset=&#8221;default&#8221; global_colors_info=&#8221;{}&#8221;][et_pb_text _builder_version=&#8221;4.27.0&#8243; _module_preset=&#8221;default&#8221; text_font=&#8221;Arial||||||||&#8221; text_text_color=&#8221;#000000&#8243; text_line_height=&#8221;1.6em&#8221; header_font=&#8221;Arial||||||||&#8221; header_text_color=&#8221;#000000&#8243; header_font_size=&#8221;28px&#8221; header_line_height=&#8221;1.2em&#8221; header_2_font=&#8221;Arial|||||||#000000|&#8221; header_2_text_color=&#8221;#000000&#8243; header_2_font_size=&#8221;18px&#8221; header_2_line_height=&#8221;1.2em&#8221; header_3_font=&#8221;Arial||||||||&#8221; header_3_text_color=&#8221;#000000&#8243; header_3_line_height=&#8221;1.2em&#8221; header_font_size_tablet=&#8221;28px&#8221; header_font_size_phone=&#8221;26px&#8221; header_font_size_last_edited=&#8221;on|desktop&#8221; global_colors_info=&#8221;{}&#8221;]<\/p>\n<h1>Starke Sohn GmbH \u2013 StaSo<sup style=\"font-size: 14px;\">\u00ae <\/sup>\u2013 you can rely on what you get from us!<\/h1>\n<p>[\/et_pb_text][\/et_pb_column][\/et_pb_row][et_pb_row column_structure=&#8221;1_4,1_4,1_4,1_4&#8243; use_custom_gutter=&#8221;on&#8221; gutter_width=&#8221;2&#8243; _builder_version=&#8221;4.25.1&#8243; _module_preset=&#8221;default&#8221; width=&#8221;90%&#8221; custom_padding=&#8221;10px||10px||false|false&#8221; global_colors_info=&#8221;{}&#8221;][et_pb_column type=&#8221;1_4&#8243; _builder_version=&#8221;4.25.1&#8243; _module_preset=&#8221;default&#8221; global_colors_info=&#8221;{}&#8221;][et_pb_text _builder_version=&#8221;4.27.0&#8243; _module_preset=&#8221;default&#8221; text_font=&#8221;Arial||||||||&#8221; text_text_color=&#8221;#000000&#8243; text_line_height=&#8221;1.6em&#8221; header_font=&#8221;Arial||||||||&#8221; header_text_color=&#8221;#000000&#8243; header_font_size=&#8221;28px&#8221; header_line_height=&#8221;1.2em&#8221; header_2_font=&#8221;Arial|||||||#000000|&#8221; header_2_text_color=&#8221;#000000&#8243; header_2_font_size=&#8221;18px&#8221; header_2_line_height=&#8221;1.2em&#8221; header_3_font=&#8221;Arial||||||||&#8221; header_3_text_color=&#8221;#000000&#8243; header_3_line_height=&#8221;1.2em&#8221; header_font_size_tablet=&#8221;28px&#8221; header_font_size_phone=&#8221;26px&#8221; header_font_size_last_edited=&#8221;on|desktop&#8221; global_colors_info=&#8221;{}&#8221;]<\/p>\n<ul>\n<li>refining \u2013 MSR technology<\/li>\n<li>management systems<\/li>\n<li>sustainability<\/li>\n<li>flexibility<\/li>\n<li>reliability<\/li>\n<li>experience<\/li>\n<li>competence<\/li>\n<li>customer orientation<\/li>\n<\/ul>\n<p>[\/et_pb_text][\/et_pb_column][et_pb_column type=&#8221;1_4&#8243; _builder_version=&#8221;4.25.1&#8243; _module_preset=&#8221;default&#8221; global_colors_info=&#8221;{}&#8221;][et_pb_image src=&#8221;https:\/\/www.starkeundsohn.de\/wp-content\/uploads\/2024\/07\/Technik01.webp&#8221; alt=&#8221;technology&#8221; title_text=&#8221;technology&#8221; _builder_version=&#8221;4.27.0&#8243; _module_preset=&#8221;default&#8221; animation_direction=&#8221;right&#8221; global_colors_info=&#8221;{}&#8221;][\/et_pb_image][\/et_pb_column][et_pb_column type=&#8221;1_4&#8243; _builder_version=&#8221;4.25.1&#8243; _module_preset=&#8221;default&#8221; global_colors_info=&#8221;{}&#8221;][et_pb_text _builder_version=&#8221;4.27.0&#8243; _module_preset=&#8221;default&#8221; text_font=&#8221;Arial||||||||&#8221; text_text_color=&#8221;#000000&#8243; text_line_height=&#8221;1.6em&#8221; header_font=&#8221;Arial||||||||&#8221; header_text_color=&#8221;#000000&#8243; header_font_size=&#8221;28px&#8221; header_line_height=&#8221;1.2em&#8221; header_2_font=&#8221;Arial|||||||#000000|&#8221; header_2_text_color=&#8221;#000000&#8243; header_2_font_size=&#8221;18px&#8221; header_2_line_height=&#8221;1.2em&#8221; header_3_font=&#8221;Arial||||||||&#8221; header_3_text_color=&#8221;#000000&#8243; header_3_line_height=&#8221;1.2em&#8221; header_font_size_tablet=&#8221;28px&#8221; header_font_size_phone=&#8221;26px&#8221; header_font_size_last_edited=&#8221;on|desktop&#8221; global_colors_info=&#8221;{}&#8221;]<\/p>\n<div class=\"col-md-3 col-sm-12 mobile-align-left\">\n<ul>\n<li>process and base oils<\/li>\n<li>transformer oils<\/li>\n<li>specialized finished products<\/li>\n<li>mineral oil analysis<\/li>\n<li>services for the energy industry<\/li>\n<li>assurance<\/li>\n<li>cost optimizations<\/li>\n<li>pleasant business relations<\/li>\n<\/ul>\n<\/div>\n<p>[\/et_pb_text][\/et_pb_column][et_pb_column type=&#8221;1_4&#8243; _builder_version=&#8221;4.25.1&#8243; _module_preset=&#8221;default&#8221; global_colors_info=&#8221;{}&#8221;][et_pb_image src=&#8221;https:\/\/www.starkeundsohn.de\/wp-content\/uploads\/2024\/08\/Zwei-Haende-halten-zwei-Flaschen-mit-Mineraloel.webp&#8221; alt=&#8221;two hands holding two bottles of mineral oil&#8221; title_text=&#8221;two hands holding two bottles of mineral oil&#8221; _builder_version=&#8221;4.27.0&#8243; _module_preset=&#8221;default&#8221; animation_direction=&#8221;left&#8221; global_colors_info=&#8221;{}&#8221;][\/et_pb_image][\/et_pb_column][\/et_pb_row][\/et_pb_section][et_pb_section fb_built=&#8221;1&#8243; _builder_version=&#8221;4.25.1&#8243; _module_preset=&#8221;default&#8221; background_color=&#8221;RGBA(255,255,255,0)&#8221; background_image=&#8221;https:\/\/www.starkeundsohn.de\/wp-content\/uploads\/2024\/06\/header-bg.jpg&#8221; custom_padding=&#8221;20px||20px||true|false&#8221; global_colors_info=&#8221;{}&#8221;][\/et_pb_section]<\/p>\n","protected":false},"excerpt":{"rendered":"<p>Starke Sohn GmbH \u2013 StaSo\u00ae \u2013 you can rely on what you get from us! refining \u2013 MSR technology management systems sustainability flexibility reliability experience competence customer orientation process and base oils transformer oils specialized finished products mineral oil analysis services for the energy industry assurance cost optimizations pleasant business relations<\/p>\n","protected":false},"author":1,"featured_media":1157,"parent":0,"menu_order":0,"comment_status":"closed","ping_status":"closed","template":"","meta":{"_et_pb_use_builder":"on","_et_pb_old_content":"","_et_gb_content_width":"","footnotes":""},"class_list":["post-1321","page","type-page","status-publish","has-post-thumbnail","hentry"],"yoast_head":"<!-- This site is optimized with the Yoast SEO plugin v27.4 - https:\/\/yoast.com\/product\/yoast-seo-wordpress\/ -->\n<title>home - Starke und Sohn GmbH \u2013 Mineral\u00f6lwerk<\/title>\n<meta name=\"description\" content=\"Starke Sohn GmbH - Mineral\u00f6lwerk - with locations in Nieb\u00fcll, Aue and Hannover. You can rely on what you get from us!\" \/>\n<meta name=\"robots\" content=\"index, follow, max-snippet:-1, max-image-preview:large, max-video-preview:-1\" \/>\n<link rel=\"canonical\" href=\"https:\/\/www.starkeundsohn.de\/en\/\" \/>\n<meta property=\"og:locale\" content=\"en_US\" \/>\n<meta property=\"og:type\" content=\"article\" \/>\n<meta property=\"og:title\" content=\"home - Starke und Sohn GmbH \u2013 Mineral\u00f6lwerk\" \/>\n<meta property=\"og:description\" content=\"Starke Sohn GmbH - Mineral\u00f6lwerk - with locations in Nieb\u00fcll, Aue and Hannover. You can rely on what you get from us!\" \/>\n<meta property=\"og:url\" content=\"https:\/\/www.starkeundsohn.de\/en\/\" \/>\n<meta property=\"og:site_name\" content=\"Starke und Sohn GmbH \u2013 Mineral\u00f6lwerk\" \/>\n<meta property=\"article:modified_time\" content=\"2024-09-18T06:20:47+00:00\" \/>\n<meta property=\"og:image\" content=\"https:\/\/www.starkeundsohn.de\/wp-content\/uploads\/2024\/05\/Starke-und-Sohn.png\" \/>\n\t<meta property=\"og:image:width\" content=\"512\" \/>\n\t<meta property=\"og:image:height\" content=\"512\" \/>\n\t<meta property=\"og:image:type\" content=\"image\/png\" \/>\n<meta name=\"twitter:card\" content=\"summary_large_image\" \/>\n<meta name=\"twitter:label1\" content=\"Est. reading time\" \/>\n\t<meta name=\"twitter:data1\" content=\"4 minutes\" \/>\n<script type=\"application\/ld+json\" class=\"yoast-schema-graph\">{\"@context\":\"https:\\\/\\\/schema.org\",\"@graph\":[{\"@type\":\"WebPage\",\"@id\":\"https:\\\/\\\/www.starkeundsohn.de\\\/en\\\/\",\"url\":\"https:\\\/\\\/www.starkeundsohn.de\\\/en\\\/\",\"name\":\"home - Starke und Sohn GmbH \u2013 Mineral\u00f6lwerk\",\"isPartOf\":{\"@id\":\"https:\\\/\\\/www.starkeundsohn.de\\\/en\\\/#website\"},\"primaryImageOfPage\":{\"@id\":\"https:\\\/\\\/www.starkeundsohn.de\\\/en\\\/#primaryimage\"},\"image\":{\"@id\":\"https:\\\/\\\/www.starkeundsohn.de\\\/en\\\/#primaryimage\"},\"thumbnailUrl\":\"https:\\\/\\\/www.starkeundsohn.de\\\/wp-content\\\/uploads\\\/2024\\\/05\\\/Starke-und-Sohn.png\",\"datePublished\":\"2024-07-08T07:36:03+00:00\",\"dateModified\":\"2024-09-18T06:20:47+00:00\",\"description\":\"Starke Sohn GmbH - Mineral\u00f6lwerk - with locations in Nieb\u00fcll, Aue and Hannover. You can rely on what you get from us!\",\"breadcrumb\":{\"@id\":\"https:\\\/\\\/www.starkeundsohn.de\\\/en\\\/#breadcrumb\"},\"inLanguage\":\"en-US\",\"potentialAction\":[{\"@type\":\"ReadAction\",\"target\":[\"https:\\\/\\\/www.starkeundsohn.de\\\/en\\\/\"]}]},{\"@type\":\"ImageObject\",\"inLanguage\":\"en-US\",\"@id\":\"https:\\\/\\\/www.starkeundsohn.de\\\/en\\\/#primaryimage\",\"url\":\"https:\\\/\\\/www.starkeundsohn.de\\\/wp-content\\\/uploads\\\/2024\\\/05\\\/Starke-und-Sohn.png\",\"contentUrl\":\"https:\\\/\\\/www.starkeundsohn.de\\\/wp-content\\\/uploads\\\/2024\\\/05\\\/Starke-und-Sohn.png\",\"width\":512,\"height\":512},{\"@type\":\"BreadcrumbList\",\"@id\":\"https:\\\/\\\/www.starkeundsohn.de\\\/en\\\/#breadcrumb\",\"itemListElement\":[{\"@type\":\"ListItem\",\"position\":1,\"name\":\"Startseite\",\"item\":\"https:\\\/\\\/www.starkeundsohn.de\\\/en\\\/\"},{\"@type\":\"ListItem\",\"position\":2,\"name\":\"home\"}]},{\"@type\":\"WebSite\",\"@id\":\"https:\\\/\\\/www.starkeundsohn.de\\\/en\\\/#website\",\"url\":\"https:\\\/\\\/www.starkeundsohn.de\\\/en\\\/\",\"name\":\"Starke und Sohn GmbH \u2013 Mineral\u00f6lwerk\",\"description\":\"Aue \u00b7 Hannover \u00b7 Nieb\u00fcll\",\"publisher\":{\"@id\":\"https:\\\/\\\/www.starkeundsohn.de\\\/en\\\/#organization\"},\"potentialAction\":[{\"@type\":\"SearchAction\",\"target\":{\"@type\":\"EntryPoint\",\"urlTemplate\":\"https:\\\/\\\/www.starkeundsohn.de\\\/en\\\/?s={search_term_string}\"},\"query-input\":{\"@type\":\"PropertyValueSpecification\",\"valueRequired\":true,\"valueName\":\"search_term_string\"}}],\"inLanguage\":\"en-US\"},{\"@type\":\"Organization\",\"@id\":\"https:\\\/\\\/www.starkeundsohn.de\\\/en\\\/#organization\",\"name\":\"Starke und Sohn GmbH \u2013 Mineral\u00f6lwerk\",\"url\":\"https:\\\/\\\/www.starkeundsohn.de\\\/en\\\/\",\"logo\":{\"@type\":\"ImageObject\",\"inLanguage\":\"en-US\",\"@id\":\"https:\\\/\\\/www.starkeundsohn.de\\\/en\\\/#\\\/schema\\\/logo\\\/image\\\/\",\"url\":\"https:\\\/\\\/www.starkeundsohn.de\\\/wp-content\\\/uploads\\\/2024\\\/05\\\/Starke-und-Sohn-Logo.png\",\"contentUrl\":\"https:\\\/\\\/www.starkeundsohn.de\\\/wp-content\\\/uploads\\\/2024\\\/05\\\/Starke-und-Sohn-Logo.png\",\"width\":592,\"height\":266,\"caption\":\"Starke und Sohn GmbH \u2013 Mineral\u00f6lwerk\"},\"image\":{\"@id\":\"https:\\\/\\\/www.starkeundsohn.de\\\/en\\\/#\\\/schema\\\/logo\\\/image\\\/\"}}]}<\/script>\n<!-- \/ Yoast SEO plugin. -->","yoast_head_json":{"title":"home - Starke und Sohn GmbH \u2013 Mineral\u00f6lwerk","description":"Starke Sohn GmbH - Mineral\u00f6lwerk - with locations in Nieb\u00fcll, Aue and Hannover. You can rely on what you get from us!","robots":{"index":"index","follow":"follow","max-snippet":"max-snippet:-1","max-image-preview":"max-image-preview:large","max-video-preview":"max-video-preview:-1"},"canonical":"https:\/\/www.starkeundsohn.de\/en\/","og_locale":"en_US","og_type":"article","og_title":"home - Starke und Sohn GmbH \u2013 Mineral\u00f6lwerk","og_description":"Starke Sohn GmbH - Mineral\u00f6lwerk - with locations in Nieb\u00fcll, Aue and Hannover. You can rely on what you get from us!","og_url":"https:\/\/www.starkeundsohn.de\/en\/","og_site_name":"Starke und Sohn GmbH \u2013 Mineral\u00f6lwerk","article_modified_time":"2024-09-18T06:20:47+00:00","og_image":[{"width":512,"height":512,"url":"https:\/\/www.starkeundsohn.de\/wp-content\/uploads\/2024\/05\/Starke-und-Sohn.png","type":"image\/png"}],"twitter_card":"summary_large_image","twitter_misc":{"Est. reading time":"4 minutes"},"schema":{"@context":"https:\/\/schema.org","@graph":[{"@type":"WebPage","@id":"https:\/\/www.starkeundsohn.de\/en\/","url":"https:\/\/www.starkeundsohn.de\/en\/","name":"home - Starke und Sohn GmbH \u2013 Mineral\u00f6lwerk","isPartOf":{"@id":"https:\/\/www.starkeundsohn.de\/en\/#website"},"primaryImageOfPage":{"@id":"https:\/\/www.starkeundsohn.de\/en\/#primaryimage"},"image":{"@id":"https:\/\/www.starkeundsohn.de\/en\/#primaryimage"},"thumbnailUrl":"https:\/\/www.starkeundsohn.de\/wp-content\/uploads\/2024\/05\/Starke-und-Sohn.png","datePublished":"2024-07-08T07:36:03+00:00","dateModified":"2024-09-18T06:20:47+00:00","description":"Starke Sohn GmbH - Mineral\u00f6lwerk - with locations in Nieb\u00fcll, Aue and Hannover. You can rely on what you get from us!","breadcrumb":{"@id":"https:\/\/www.starkeundsohn.de\/en\/#breadcrumb"},"inLanguage":"en-US","potentialAction":[{"@type":"ReadAction","target":["https:\/\/www.starkeundsohn.de\/en\/"]}]},{"@type":"ImageObject","inLanguage":"en-US","@id":"https:\/\/www.starkeundsohn.de\/en\/#primaryimage","url":"https:\/\/www.starkeundsohn.de\/wp-content\/uploads\/2024\/05\/Starke-und-Sohn.png","contentUrl":"https:\/\/www.starkeundsohn.de\/wp-content\/uploads\/2024\/05\/Starke-und-Sohn.png","width":512,"height":512},{"@type":"BreadcrumbList","@id":"https:\/\/www.starkeundsohn.de\/en\/#breadcrumb","itemListElement":[{"@type":"ListItem","position":1,"name":"Startseite","item":"https:\/\/www.starkeundsohn.de\/en\/"},{"@type":"ListItem","position":2,"name":"home"}]},{"@type":"WebSite","@id":"https:\/\/www.starkeundsohn.de\/en\/#website","url":"https:\/\/www.starkeundsohn.de\/en\/","name":"Starke und Sohn GmbH \u2013 Mineral\u00f6lwerk","description":"Aue \u00b7 Hannover \u00b7 Nieb\u00fcll","publisher":{"@id":"https:\/\/www.starkeundsohn.de\/en\/#organization"},"potentialAction":[{"@type":"SearchAction","target":{"@type":"EntryPoint","urlTemplate":"https:\/\/www.starkeundsohn.de\/en\/?s={search_term_string}"},"query-input":{"@type":"PropertyValueSpecification","valueRequired":true,"valueName":"search_term_string"}}],"inLanguage":"en-US"},{"@type":"Organization","@id":"https:\/\/www.starkeundsohn.de\/en\/#organization","name":"Starke und Sohn GmbH \u2013 Mineral\u00f6lwerk","url":"https:\/\/www.starkeundsohn.de\/en\/","logo":{"@type":"ImageObject","inLanguage":"en-US","@id":"https:\/\/www.starkeundsohn.de\/en\/#\/schema\/logo\/image\/","url":"https:\/\/www.starkeundsohn.de\/wp-content\/uploads\/2024\/05\/Starke-und-Sohn-Logo.png","contentUrl":"https:\/\/www.starkeundsohn.de\/wp-content\/uploads\/2024\/05\/Starke-und-Sohn-Logo.png","width":592,"height":266,"caption":"Starke und Sohn GmbH \u2013 Mineral\u00f6lwerk"},"image":{"@id":"https:\/\/www.starkeundsohn.de\/en\/#\/schema\/logo\/image\/"}}]}},"_links":{"self":[{"href":"https:\/\/www.starkeundsohn.de\/en\/wp-json\/wp\/v2\/pages\/1321","targetHints":{"allow":["GET"]}}],"collection":[{"href":"https:\/\/www.starkeundsohn.de\/en\/wp-json\/wp\/v2\/pages"}],"about":[{"href":"https:\/\/www.starkeundsohn.de\/en\/wp-json\/wp\/v2\/types\/page"}],"author":[{"embeddable":true,"href":"https:\/\/www.starkeundsohn.de\/en\/wp-json\/wp\/v2\/users\/1"}],"replies":[{"embeddable":true,"href":"https:\/\/www.starkeundsohn.de\/en\/wp-json\/wp\/v2\/comments?post=1321"}],"version-history":[{"count":66,"href":"https:\/\/www.starkeundsohn.de\/en\/wp-json\/wp\/v2\/pages\/1321\/revisions"}],"predecessor-version":[{"id":1990,"href":"https:\/\/www.starkeundsohn.de\/en\/wp-json\/wp\/v2\/pages\/1321\/revisions\/1990"}],"wp:featuredmedia":[{"embeddable":true,"href":"https:\/\/www.starkeundsohn.de\/en\/wp-json\/wp\/v2\/media\/1157"}],"wp:attachment":[{"href":"https:\/\/www.starkeundsohn.de\/en\/wp-json\/wp\/v2\/media?parent=1321"}],"curies":[{"name":"wp","href":"https:\/\/api.w.org\/{rel}","templated":true}]}}